{"id":3520,"date":"2021-09-07T10:14:49","date_gmt":"2021-09-07T08:14:49","guid":{"rendered":"https:\/\/beyonduality.com\/de\/?page_id=3520"},"modified":"2025-12-05T21:06:07","modified_gmt":"2025-12-05T19:06:07","slug":"genschluessel-in-der-praxis","status":"publish","type":"page","link":"https:\/\/beyonduality.com\/de\/genschluessel-in-der-praxis\/","title":{"rendered":"Genschl\u00fcssel in der Praxis \u2013 Onlinekurs"},"content":{"rendered":"<h1 data-hide=\"true\" style=\"text-align: center;\"><span style=\"background-color: transparent;\">Eine Reise in die Welt der<\/span> Gene Keys<\/h1>\n<p style=\"text-align: center;\">Lerne die Basis der Gene Keys , um hocheffizient und ohne Umwege tiefe Einblicke f\u00fcr dich, dein Business und in Beziehungen zu erhalten. Erh\u00f6he deine emotionale Intelligenz f\u00fcr mehr Stabilit\u00e4t und verbesserte Intuition.<\/p>\n<p><a data-id-d=\"13\" data-img-style=\"width: 100%;\"><img decoding=\"async\" src=\"https:\/\/beyonduality.com\/de\/wp-content\/uploads\/2020\/02\/Cover-Bilder-Genschluessel-in-der-Praxis.jpg\" height=\"1000\" width=\"1000\" alt=\"\" style=\"width: 100%;\"><\/img><\/a><span>F\u00fcr Gene Keys Anf\u00e4nger und Liebhaber, Astrologen, Human Design Guides, Coaches, Psychologen und Therapeuten geeignet.<\/span><\/p>\n<h2 style=\"text-align: center;\"><\/h2>\n<h2 style=\"text-align: center;\">Der optimale Einstieg in die Welt der Gene Keys<\/h2>\n<p style=\"\"><strong>Die Gene Keys auf Deutsch<\/strong><\/p>\n<h3 style=\"text-align: center;\"><strong>Deine Vorteile f\u00fcr den Onlinekurs<\/strong><\/h3>\n<h6 style=\"\"><strong><strong>Erh\u00f6he die W\u00e4hrung der Neuzeit, deine emotionale Intelligenz (EQ)<\/strong><\/strong><\/h6>\n<h6 style=\"\"><strong>Entschl\u00fcssele und verstehe Emotionen mit dem Spektrum des Bewusstseins<\/strong><\/h6>\n<h6 style=\"\"><strong><strong>Erlebe eine sanfte Balance aus Beziehung, Business und Berufung<\/strong><\/strong><\/h6>\n<h6 style=\"\"><strong>Begebe dich auf eine Heldenreise zur Meisterschaft deines Leben<\/strong><\/h6>\n<h6 style=\"\"><strong>Verbinde linke und rechte Gehirnh\u00e4lfte f\u00fcr dein kreatives Genius<\/strong><\/h6>\n<h6 style=\"\"><strong>Vom Gene Keys Guide mit langj\u00e4hriger praxisnaher Erfahrung<\/strong><\/h6>\n<h2>\u00dcber den Kurs Guide,<\/h2>\n<h2><strong>Dominik Porsche<\/strong><\/h2>\n<p style=\"text-align: left;\">Dominik Porsche ist Gr\u00fcnder von Beyonduality. Er begleitet dich auf deiner einmaligen Heldenreise. Als offizieller Gene Keys Guide ausgebildet vom Gene Keys Team rund um Richard Rudd hilft er dir dabei, deine wahre Erden-Bestimmung zu entdecken.&nbsp;<\/p>\n<p style=\"text-align: left;\">\n<p style=\"text-align: left;\">Pers\u00f6nliche Botschaft: Ich freue mich, dich auf deinem Weg begleiten zu d\u00fcrfen!<\/p>\n<p style=\"text-align: left;\">Dein Guide Dominik<\/p>\n<p style=\"text-align: left;\">\n<p><span style=\"width: 100%;\"><img decoding=\"async\" alt=\"\" width=\"1030\" height=\"686\" title=\"web-bd0016_RonnyBarthel_RB__7999_Fotor\" data-id=\"828\" src=\"https:\/\/beyonduality.com\/de\/wp-content\/uploads\/2019\/06\/web-bd0016_RonnyBarthel_RB__7999_Fotor.jpg\" style=\"aspect-ratio: auto 1000 \/ 666;\" data-width=\"1030\" data-height=\"686\" data-init-width=\"1000\" data-init-height=\"666\" loading=\"lazy\" mt-d=\"0\" ml-d=\"-431\" center-h-d=\"false\"><\/span><span style=\"width: 100%;\"><img decoding=\"async\" alt=\"\" width=\"785\" height=\"523\" title=\"beyonduality 0019_RonnyBarthel_RB__8026_Fotor\" data-id=\"835\" src=\"https:\/\/beyonduality.com\/de\/wp-content\/uploads\/2019\/06\/beyonduality-0019_RonnyBarthel_RB__8026_Fotor.jpg\" style=\"aspect-ratio: auto 1600 \/ 1066;\" data-width=\"785\" data-height=\"523\" data-init-width=\"1600\" data-init-height=\"1066\" loading=\"lazy\" ml-d=\"-116\" center-h-d=\"false\"><\/span><\/p>\n<h2 style=\"text-align: center;\"><strong>Die 4 Module im Kurs<\/strong><\/h2>\n<p style=\"text-align: center;\">Jedes Modul enth\u00e4lt Videos, Texte, Fragen und Lernaufgaben f\u00fcr dein Selbststudium. Du hast jederzeit Zugriff auf den gesamten Onlinekurs.<\/p>\n<p style=\"text-align: center;\"><strong>1<\/strong><\/p>\n<h6 style=\"\"><strong>Modul 1: Lebenssinn und Lebensaufgabe<\/strong><\/h6>\n<p style=\"\">Was verbindet dich mit dem Lebenssinn und den Gene Keys?<\/p>\n<p style=\"\">\n<p style=\"\">(Die Vorspeise)&nbsp;<\/p>\n<p style=\"text-align: center;\"><strong>2<\/strong><\/p>\n<h6 style=\"\"><strong>Modul 2: Die GKs Herangehensweise<\/strong><\/h6>\n<p style=\"\">Welche Tools und Techniken der Gene Keys bringen dich in deine Oase?<\/p>\n<p style=\"\">\n<p style=\"\">(Der Hauptgang &#8211; Teil 1)<\/p>\n<p style=\"text-align: center;\"><strong>3<\/strong><\/p>\n<h6 style=\"\"><strong>Modul 3: Das Spektrum des Bewusstseins<\/strong><\/h6>\n<p>Wie du Emotionen lesen kannst, obwohl sie meist versteckt sind.<\/p>\n<\/p>\n<p>(Der Hauptgang &#8211; Teil 2)<\/p>\n<p style=\"text-align: center;\"><strong>4<\/strong><\/p>\n<h6 style=\"\"><strong>Modul 4: Einblick ins hologenetische Profil<\/strong><\/h6>\n<p style=\"\">Entziffere die Basis des pers\u00f6nlichen Kompasses in deiner DNA.&nbsp;<\/p>\n<p style=\"\">\n<p style=\"\">(Das Dessert)<\/p>\n<h2 style=\"text-align: center;\">H\u00e4ufig gestellte Fragen<\/h2>\n<p><a href=\"#\"><span><span><\/span><\/span><\/a><\/p>\n<h5 style=\"\"><strong>Eine Reise in die Welt der gene Keys<\/strong><\/h5>\n<p style=\"\">mit Videos f\u00fcr den Einstieg ins hologenetische Profil, dem Spektrum des Bewusstseins und vieles mehr.<\/p>\n<p style=\"\">\u20ac<\/p>\n<p style=\"\"><span style=\"color: rgb(80, 188, 112); --tcb-applied-color: rgb(0, 0, 0) !important;\">90 Euro<\/span><\/p>\n<p style=\"\">F\u00fcr Studenten und Geringverdiener<\/p>\n<p style=\"\">\n<p style=\"\">f\u00fcr 37 Euro<\/p>\n<ul style=\"\">\n<li><span>Der optimale Einstieg&nbsp;<\/span><\/li>\n<li><span>zeitliche Flexibilit\u00e4t<\/span><\/li>\n<li style=\"\"><span style=\"\">inkl. Kursunterlagen<\/span><\/li>\n<li><span style=\"\">garantiert AHA-Momente<\/span><\/li>\n<li><span style=\"\">direkter Zugang elopage<\/span><\/li>\n<\/ul>\n<p style=\"text-align: center;\">*Dieser Kurs ist 100% f\u00fcrs Selbststudium entwickelt und beinhaltet keinerlei live oder pers\u00f6nliche Betreuung mit dem Kurs Guide.&nbsp;<\/p>\n<p><span style=\"width: 100%;\"><img decoding=\"async\" alt=\"\" width=\"587\" height=\"330\" title=\"Gk45-and-44-neu-webweb\" data-id=\"5844\" src=\"https:\/\/beyonduality.com\/de\/wp-content\/uploads\/2023\/03\/Gk45-and-44-neu-webweb.png\" style=\"aspect-ratio: auto 1500 \/ 844;\" data-width=\"587\" data-init-width=\"1500\" data-init-height=\"844\" loading=\"lazy\" ml-d=\"0\" data-height=\"330\" mt-d=\"-7.805999999999983\" ml-m=\"-15.75\" mt-m=\"0\"><\/span><\/p>\n<h3 style=\"\"><b>Danke dir!<\/b><\/h3>\n<p style=\"\">Das steigende Interesse im DACH-Raum an den Gene Keys ist sch\u00f6n zu beobachten. Als zertifizierter Gene Keys Guide ausgebildet vom Team rund um Richard Rudd freue ich mich auf die gemeinsame Heldenreise mit dir. Bei Fragen zum Kursangebot rund um die Gene Keys schreibe mir gerne an dominik@beyonduality.com.<\/p>\n<p style=\"\">\n<p style=\"\">Dein Guide Dominik<\/p>\n<p style=\"\"><strong><span data-attr-id=\"1\" data-extra_key=\"1\" data-shortcode=\"thrive_global_fields\" data-shortcode-name=\"[Company] Company Name\">Beyonduality<\/span>.com\/de<\/strong><\/p>\n<p style=\"\">&nbsp; &nbsp;<span data-attr-id=\"6\" data-extra_key=\"2\" data-shortcode=\"thrive_global_fields\" data-shortcode-name=\"[Legal] Privacy policy\" data-attr-static-link=\"{&quot;className&quot;:&quot;&quot;,&quot;href&quot;:&quot;https:\/\/beyonduality.com\/de\/privacy-policy\/&quot;,&quot;target&quot;:&quot;_blank&quot;,&quot;class&quot;:&quot;&quot;}\"><a href=\"https:\/\/beyonduality.com\/de\/privacy-policy\/\" target=\"_blank\">Datenschutzerkl\u00e4rung<\/a><\/span>&nbsp; &nbsp;| &nbsp; &nbsp;<span data-attr-id=\"9\" data-extra_key=\"2\" data-shortcode=\"thrive_global_fields\" data-shortcode-name=\"[Legal] Contact\" data-attr-static-link=\"{&quot;className&quot;:&quot;&quot;,&quot;href&quot;:&quot;https:\/\/beyonduality.com\/de\/impressum\/&quot;,&quot;target&quot;:&quot;_blank&quot;,&quot;class&quot;:&quot;&quot;}\"><a href=\"https:\/\/beyonduality.com\/de\/impressum\/\" target=\"_blank\">Impressum<\/a><\/span><\/p>\n","protected":false},"excerpt":{"rendered":"<p>Eine Reise in die Welt der Gene Keys Lerne die Basis der Gene Keys , um hocheffizient und ohne Umwege tiefe Einblicke f\u00fcr dich, dein Business und in Beziehungen zu erhalten. Erh\u00f6he deine emotionale Intelligenz f\u00fcr mehr Stabilit\u00e4t und verbesserte Intuition. F\u00fcr Gene Keys Anf\u00e4nger und Liebhaber, Astrologen, Human Design Guides, Coaches, Psychologen und Therapeuten [&hellip;]<\/p>\n","protected":false},"author":1,"featured_media":0,"parent":0,"menu_order":0,"comment_status":"closed","ping_status":"closed","template":"","meta":{"footnotes":""},"class_list":["post-3520","page","type-page","status-publish"],"_links":{"self":[{"href":"https:\/\/beyonduality.com\/de\/wp-json\/wp\/v2\/pages\/3520","targetHints":{"allow":["GET"]}}],"collection":[{"href":"https:\/\/beyonduality.com\/de\/wp-json\/wp\/v2\/pages"}],"about":[{"href":"https:\/\/beyonduality.com\/de\/wp-json\/wp\/v2\/types\/page"}],"author":[{"embeddable":true,"href":"https:\/\/beyonduality.com\/de\/wp-json\/wp\/v2\/users\/1"}],"replies":[{"embeddable":true,"href":"https:\/\/beyonduality.com\/de\/wp-json\/wp\/v2\/comments?post=3520"}],"version-history":[{"count":5,"href":"https:\/\/beyonduality.com\/de\/wp-json\/wp\/v2\/pages\/3520\/revisions"}],"predecessor-version":[{"id":7476,"href":"https:\/\/beyonduality.com\/de\/wp-json\/wp\/v2\/pages\/3520\/revisions\/7476"}],"wp:attachment":[{"href":"https:\/\/beyonduality.com\/de\/wp-json\/wp\/v2\/media?parent=3520"}],"curies":[{"name":"wp","href":"https:\/\/api.w.org\/{rel}","templated":true}]}}