{"id":4596,"date":"2023-03-22T23:18:53","date_gmt":"2023-03-22T21:18:53","guid":{"rendered":"https:\/\/beyonduality.com\/de\/?page_id=4596"},"modified":"2026-01-12T10:57:57","modified_gmt":"2026-01-12T08:57:57","slug":"gene-keys-wortwolken","status":"publish","type":"page","link":"https:\/\/beyonduality.com\/de\/gene-keys-wortwolken\/","title":{"rendered":"Die Mystik der 64 Genschl\u00fcssel"},"content":{"rendered":"<h1 style=\"text-align: center;\">Die 64 Wortwolken f\u00fcr Gene Keys<\/h1>\n<p>Aktuell nicht mehr verf\u00fcgbar &#8211; falls du Interesse an den digitalen Karten hast, schreibe eine Mail an dominik@beyonduality.com<\/p>\n<p style=\"\">Erlebe die 64 Genschl\u00fcssel mit ganz neuen Augen dank unserer Study &amp; Play Kartenmotive<\/p>\n<h2 style=\"text-align: center;\">Alle Informationen auf einem Blick&nbsp;<\/h2>\n<p><a data-id-d=\"14\" data-img-style=\"width: 100%;\"><img decoding=\"async\" src=\"https:\/\/beyonduality.com\/de\/wp-content\/uploads\/2023\/07\/Beschreibung-Wortwolken-web.jpg\" height=\"1061\" width=\"1500\" alt=\"\" style=\"width: 100%;\"><\/img><\/a><\/p>\n<p style=\"text-align: center;\">Unsere 64 Wortwolken wurden mithilfe des offiziellen Gene Keys Buch handgefertigt und sind <strong><span>ein von Richard Rudd und Gene Keys Ltd. genehmigtes Produkt<\/span><\/strong>.&nbsp;<\/p>\n<h2 style=\"text-align: center;\">So kann es gedruckt aussehen<\/h2>\n<h2 style=\"text-align: center;\">Exklusive Chakra-Edition der 64 Wortwolken &#8211; Gene Keys<\/h2>\n<h2 style=\"text-align: center;\">&#8222;\u00d6ffne das Tor zu Unbegrenzten M\u00f6glichkeiten.&#8220;<\/h2>\n<p style=\"\"><strong><span>Neu: F\u00fcr nur 63 Euro vielf\u00e4ltige Kartenmotive (DE+ENG)<\/span><\/strong><\/p>\n<h3 style=\"text-align: center;\">Deine Vorteile f\u00fcr die Gene Keys Wortwolken<\/h3>\n<h6 style=\"\"><strong><strong>Ein hochgradig effizientes Studium mit Freude, Spiel und Spa\u00df<\/strong><\/strong><\/h6>\n<h6 style=\"\"><strong><strong>Nur offizielle Informationen der Gene Keys von Richard Rudd enthalten (ein von Richard Rudd und dem offiziellen Gene Keys Team genehmigtes Produkt)<\/strong><\/strong><\/h6>\n<h6 style=\"\"><strong><strong>Steigere deine emotionale Intelligenz und F\u00e4higkeit f\u00fcr neue Perspektiven<\/strong><\/strong><\/h6>\n<h6 style=\"\"><strong>Mit Deutsch und Englisch f\u00fcr den bekannten Lernkarten-Effekt<\/strong><\/h6>\n<h6 style=\"\"><strong>Visuell beeindruckend mit frischen multidimensionalen Einsichten&nbsp;<\/strong><\/h6>\n<h6 style=\"\"><strong>Optimales Training f\u00fcr die Symbiose aus linker und rechter Gehirnh\u00e4lfte<\/strong><\/h6>\n<h2 style=\"\">Was du bekommst&nbsp;<\/h2>\n<p style=\"text-align: center;\"><strong>1<\/strong><\/p>\n<h6 style=\"\"><strong>Wortwolken Standard-Edition Download (DE + ENG)&nbsp;<\/strong><\/h6>\n<ul>\n<li>\n<h6 style=\"\"><strong><\/strong><em><span>PDF (DIN-3 Format) + JPEG (16\/9 Format)<\/span><\/em><\/h6>\n<\/li>\n<\/ul>\n<p><span><img decoding=\"async\" alt=\"\" data-id=\"6369\" width=\"597\" data-init-width=\"950\" height=\"423\" data-init-height=\"672\" title=\"Genschl\u00fcssel-1-Landingpage-Web\" loading=\"lazy\" src=\"https:\/\/beyonduality.com\/de\/wp-content\/uploads\/2023\/08\/Genschluessel-1-Landingpage-Web.jpg\" data-width=\"597\" style=\"aspect-ratio: auto 950 \/ 672;\" data-height=\"423\"><\/span><\/p>\n<p style=\"text-align: center;\"><strong>2<\/strong><\/p>\n<h6 style=\"\"><strong>Wortwolken Chakra-Edition Download (DE + ENG)&nbsp;<\/strong><\/h6>\n<ul>\n<li>\n<h6 style=\"\"><em>DIN-3&nbsp;<\/em><em><span>Format: PDF<\/span><\/em><\/h6>\n<\/li>\n<\/ul>\n<p><span><img decoding=\"async\" alt=\"\" data-id=\"6370\" width=\"597\" data-init-width=\"950\" height=\"423\" data-init-height=\"672\" title=\"gene-key-18-landingpage-web-de\" loading=\"lazy\" src=\"https:\/\/beyonduality.com\/de\/wp-content\/uploads\/2023\/08\/gene-key-18-landingpage-web-de.jpg\" data-width=\"597\" style=\"aspect-ratio: auto 950 \/ 672;\" data-height=\"423\"><\/span><\/p>\n<p style=\"text-align: center;\"><strong>3<\/strong><\/p>\n<h6 style=\"\"><strong><strong>Bonus im Wert von 36 Euro: 64 Siddhi-Symbole &#8222;Chakra-Edition&#8220; mit Text von Dominik Porsche<\/strong><\/strong><\/h6>\n<ul>\n<li>\n<h6 style=\"\"><strong><strong><\/strong><\/strong><em>Quadratisches Format: PDF&nbsp;<\/em><\/h6>\n<\/li>\n<\/ul>\n<p><span style=\"\"><img decoding=\"async\" alt=\"\" data-id=\"6203\" width=\"448\" data-init-width=\"950\" height=\"950\" data-init-height=\"950\" title=\"GK-3-Energysymbol-Chakra-Edition---Orange\" loading=\"lazy\" src=\"https:\/\/beyonduality.com\/de\/wp-content\/uploads\/2023\/03\/GK-3-Energysymbol-Chakra-Edition-Orange.jpg\" data-width=\"448\" style=\"aspect-ratio: auto 950 \/ 950;\" ml-d=\"0\" mt-d=\"0\"><\/span><a href=\"#\"><span><span><\/span><\/span><\/a><\/p>\n<p><strong><span style=\"font-size: 30px !important; --tcb-applied-color: rgb(207, 181, 59) !important; color: rgb(207, 181, 59) !important;\">&nbsp;<\/span><\/strong><strong><span style=\"font-size: 30px !important; --tcb-applied-color: rgb(207, 181, 59) !important; color: rgb(207, 181, 59) !important;\">DIE 64 WORTWOLKEN F\u00dcR DIE GENE KEY<\/span><\/strong><\/p>\n<\/p>\n<h5 style=\"\">Deine Lernkarten f\u00fcr alle Genschl\u00fcssel<\/h5>\n<p style=\"\"><strong><span style=\"font-size: 50px !important;\">nur 63 Euro<\/span><\/strong><span style=\"font-size: 30px !important; --tcb-applied-color: rgb(0, 0, 0) !important; color: rgb(0, 0, 0) !important;\"><\/span><\/p>\n<ul style=\"\">\n<li style=\"\"><span>Exklusive Chakra-Edition<\/span><\/li>\n<li><span>Druck Qualit\u00e4t PDF &amp; JPG<\/span><\/li>\n<li><span>Deutsch + Englisch<\/span><\/li>\n<li style=\"\"><span>direkter Zugriff ablefy (ehemaliges elopage)<\/span><\/li>\n<\/ul>\n<p style=\"\">\n<p style=\"\">Produktprobe: <a href=\"https:\/\/drive.google.com\/drive\/folders\/1byJXYQEeu-m8IZw2eRGZNOMsK6d5F_hm?usp=sharing\" target=\"_blank\" style=\"outline: none;\" rel=\"noopener\">Gene Key 1 &amp; 8 Google Drive<\/a><\/p>\n<p style=\"text-align: center;\">Dies ist ein 100% digitales Download-Produkt!&nbsp;<\/p>\n<p style=\"text-align: center;\"><strong>Du erh\u00e4ltst alle Kartenmotive zum Selbstausdrucken! Unsere Empfehlung:&nbsp;<strong>Verwende dieses Produkt in Kombination mit dem offiziellen Buch &#8222;Die 64 Genschl\u00fcssel.&#8220; von Richard Rudd.<\/strong><\/strong><\/p>\n<h2 style=\"text-align: center;\">Bereichere dein Zuhause mit kreativen Ideen f\u00fcr den Selbstdruck der Gene Keys Motive<\/h2>\n<p><a data-id-d=\"16\" data-img-style=\"width: 100%;\"><img decoding=\"async\" src=\"https:\/\/beyonduality.com\/de\/wp-content\/uploads\/2023\/08\/wandbild-rot-gk1.jpg\" height=\"901\" width=\"1350\" alt=\"\" style=\"width: 100%;\"><\/img><\/a><a data-id-d=\"15\" data-img-style=\"width: 100%;\"><img decoding=\"async\" src=\"https:\/\/beyonduality.com\/de\/wp-content\/uploads\/2023\/08\/beispiel-54gk-wandbild.jpg\" height=\"900\" width=\"1350\" alt=\"\" style=\"width: 100%;\"><\/img><\/a><\/p>\n<h3 style=\"\"><b>Unlimitierte M\u00f6glichkeiten beim kreativen Arbeiten<\/b><\/h3>\n<p style=\"\"><span style=\"--tcb-applied-color: rgb(27, 28, 37)  !important; color: rgb(255, 255, 255);\">Suche dir deinen Lieblingsshop zum Drucken aus oder starte direkt von zu Hause aus. Unsere Download Study &amp; Play Produkte sind im hochaufl\u00f6senden PDF DIN-3 Format und k\u00f6nnen auch noch in DIN-6 glasklar f\u00fcr kleine K\u00e4rtchen ausgedruckt werden.<\/span><\/p>\n<p style=\"\">\n<p style=\"\">Dein Dominik<\/p>\n<h2 style=\"\">\u00dcber den Gene Keys K\u00fcnstler<\/h2>\n<h2 style=\"\"><strong>Dominik Porsche<\/strong><\/h2>\n<p style=\"text-align: left;\">Dominik Porsche ist Gr\u00fcnder von Beyonduality. Als Gene Keys Student, Guide, und K\u00fcnstler begleitet er dich dabei, deine h\u00f6here Bestimmung zu entdecken. Die Lernkarten sind als Erg\u00e4nzung und Erweiterung der offiziellen Materialen entwickelt worden und sollten in diesem Rahmen angewendet werden.<\/p>\n<p style=\"text-align: left;\"><span style=\"\"><\/span><\/p>\n<p style=\"text-align: left;\"><strong>&#8222;B<em>eim Studieren der Gene Keys und unseren tiefgr\u00fcndigen DNA Verhaltensweisen steht bei mir Spiel, Spa\u00df und Freude immer an Erster Stelle.&#8220;<\/em><\/strong><\/p>\n<p style=\"text-align: left;\">\n<p style=\"text-align: left;\">\n<p style=\"text-align: left;\"><span style=\"--tcb-applied-color: rgb(175, 110, 110)  !important; color: rgb(255, 255, 255);\">Dein kreativer Guide Dominik<\/span><\/p>\n<p style=\"text-align: left;\">\n<p><span style=\"width: 100%;\"><img decoding=\"async\" alt=\"\" width=\"1030\" height=\"686\" title=\"web-bd0016_RonnyBarthel_RB__7999_Fotor\" data-id=\"828\" src=\"https:\/\/beyonduality.com\/de\/wp-content\/uploads\/2022\/07\/web-bd0016_RonnyBarthel_RB__7999_Fotor.jpg\" style=\"aspect-ratio: auto 1000 \/ 666;\" data-width=\"1030\" data-height=\"686\" data-init-width=\"1000\" data-init-height=\"666\" loading=\"lazy\" mt-d=\"0\" ml-d=\"-431\" center-h-d=\"false\"><\/span><span style=\"width: 100%;\"><img decoding=\"async\" alt=\"\" width=\"785\" height=\"523\" title=\"beyonduality 0019_RonnyBarthel_RB__8026_Fotor\" data-id=\"835\" src=\"https:\/\/beyonduality.com\/de\/wp-content\/uploads\/2022\/07\/beyonduality-0019_RonnyBarthel_RB__8026_Fotor.jpg\" style=\"aspect-ratio: auto 1600 \/ 1066;\" data-width=\"785\" data-height=\"523\" data-init-width=\"1600\" data-init-height=\"1066\" loading=\"lazy\" ml-d=\"-116\" center-h-d=\"false\"><\/span><\/p>\n<h2 style=\"text-align: center;\">H\u00e4ufig gestellte Fragen<\/h2>\n<p style=\"text-align: center;\">\n<p style=\"text-align: center;\">Download Produktprobe: <a href=\"https:\/\/drive.google.com\/drive\/folders\/1byJXYQEeu-m8IZw2eRGZNOMsK6d5F_hm?usp=sharing\" target=\"_blank\" style=\"outline: none;\" rel=\"noopener\">Gene Key 1 &amp; 8 Google Drive<\/a><\/p>\n<p style=\"text-align: center;\">&#8212;<\/p>\n<p style=\"text-align: center;\">*Das Angebot ist ein 100% digitales Download-Produkt!&nbsp;<\/p>\n<p style=\"text-align: center;\">Du erh\u00e4ltst alle Kartenmotive zum Selbstausdrucken! Unsere Empfehlung: Verwende dieses Produkt in Kombination mit dem offiziellen Buch &#8222;Die 64 Genschl\u00fcssel.&#8220; von Richard Rudd.<\/p>\n<p style=\"text-align: center;\"><strong>&#8212;<\/strong><\/p>\n<p style=\"text-align: center;\"><strong>WICHTIGER HINWEIS:&nbsp;<\/strong>F\u00fcr dieses Angebot gibt es keine R\u00fcckgabegarantie, da dir alle Designs direkt zum Download zur Verf\u00fcgung stehen und du im &#8222;Download Sample&#8220; genau erkennst, was enthalten ist.<\/p>\n<p style=\"\">Ein Angebot von <strong><span data-attr-id=\"1\" data-extra_key=\"1\" data-shortcode=\"thrive_global_fields\" data-shortcode-name=\"[Company] Company Name\" style=\"\">Beyonduality<\/span>.com&nbsp;<\/strong><\/p>\n<p style=\"\">&nbsp; &nbsp;<span data-attr-id=\"6\" data-extra_key=\"2\" data-shortcode=\"thrive_global_fields\" data-shortcode-name=\"[Legal] Privacy policy\" data-attr-static-link=\"{&quot;className&quot;:&quot;&quot;,&quot;href&quot;:&quot;https:\/\/beyonduality.com\/de\/privacy-policy\/&quot;,&quot;target&quot;:&quot;_blank&quot;,&quot;class&quot;:&quot;&quot;}\"><a href=\"https:\/\/beyonduality.com\/de\/privacy-policy\/\" target=\"_blank\">Datenschutzerkl\u00e4rung<\/a><\/span>&nbsp; &nbsp;| &nbsp; &nbsp;<span data-attr-id=\"9\" data-extra_key=\"2\" data-shortcode=\"thrive_global_fields\" data-shortcode-name=\"[Legal] Contact\" data-attr-static-link=\"{&quot;className&quot;:&quot;&quot;,&quot;href&quot;:&quot;https:\/\/beyonduality.com\/de\/impressum\/&quot;,&quot;target&quot;:&quot;_blank&quot;,&quot;class&quot;:&quot;&quot;}\"><a href=\"https:\/\/beyonduality.com\/de\/impressum\/\" target=\"_blank\">Impressum<\/a><\/span><\/p>\n","protected":false},"excerpt":{"rendered":"<p>Die 64 Wortwolken f\u00fcr Gene Keys Aktuell nicht mehr verf\u00fcgbar &#8211; falls du Interesse an den digitalen Karten hast, schreibe eine Mail an dominik@beyonduality.com Erlebe die 64 Genschl\u00fcssel mit ganz neuen Augen dank unserer Study &amp; Play Kartenmotive Alle Informationen auf einem Blick&nbsp; Unsere 64 Wortwolken wurden mithilfe des offiziellen Gene Keys Buch handgefertigt und [&hellip;]<\/p>\n","protected":false},"author":1,"featured_media":0,"parent":0,"menu_order":0,"comment_status":"closed","ping_status":"closed","template":"","meta":{"footnotes":""},"class_list":["post-4596","page","type-page","status-publish"],"_links":{"self":[{"href":"https:\/\/beyonduality.com\/de\/wp-json\/wp\/v2\/pages\/4596","targetHints":{"allow":["GET"]}}],"collection":[{"href":"https:\/\/beyonduality.com\/de\/wp-json\/wp\/v2\/pages"}],"about":[{"href":"https:\/\/beyonduality.com\/de\/wp-json\/wp\/v2\/types\/page"}],"author":[{"embeddable":true,"href":"https:\/\/beyonduality.com\/de\/wp-json\/wp\/v2\/users\/1"}],"replies":[{"embeddable":true,"href":"https:\/\/beyonduality.com\/de\/wp-json\/wp\/v2\/comments?post=4596"}],"version-history":[{"count":6,"href":"https:\/\/beyonduality.com\/de\/wp-json\/wp\/v2\/pages\/4596\/revisions"}],"predecessor-version":[{"id":7478,"href":"https:\/\/beyonduality.com\/de\/wp-json\/wp\/v2\/pages\/4596\/revisions\/7478"}],"wp:attachment":[{"href":"https:\/\/beyonduality.com\/de\/wp-json\/wp\/v2\/media?parent=4596"}],"curies":[{"name":"wp","href":"https:\/\/api.w.org\/{rel}","templated":true}]}}