{"id":4675,"date":"2022-08-31T12:32:54","date_gmt":"2022-08-31T10:32:54","guid":{"rendered":"https:\/\/beyonduality.com\/de\/?page_id=4675"},"modified":"2024-10-22T14:15:33","modified_gmt":"2024-10-22T12:15:33","slug":"gene-keys-reading","status":"publish","type":"page","link":"https:\/\/beyonduality.com\/de\/gene-keys-reading\/","title":{"rendered":"Gene Keys Reading"},"content":{"rendered":"<h1 style=\"\"><strong><span style=\"color: rgb(239, 204, 144); font-family: &quot;Yeseva One&quot;; font-weight: 400; --tcb-applied-color: rgb(239, 204, 144) !important; font-size: 44px !important;\">Gene Keys 1:1 Reading 60Minuten LIVE-ZOOM-Sitzung&nbsp;<\/span><\/strong><\/h1>\n<\/p>\n<p style=\"\"><em>Bespreche mit Dominik, was dir bei den Genschl\u00fcsseln auf dem Herzen liegt und erlebe dabei befreiende, erdende und frische alltagstaugliche Perspektiven f\u00fcr dein Leben.&nbsp;<\/em><\/p>\n<p style=\"\">\n<h5 style=\"\"><strong>Dominik&#8217;s Botschaft<\/strong><\/h5>\n<p style=\"\">Ein Gro\u00dfteil meiner Reise war von Dunkelheit und einem tiefen Vergessen meines gesamten Wesens gepr\u00e4gt. Alles \u00e4nderte sich, als ich die Lehren der Selbsterkenntnis wie z.B. die Gene Keys erforschte. Heute begleite ich Menschen dabei, ihr wahres Potenzial zu entfalten. <strong>Die Gene Keys Reading Session ist erdend, herz\u00f6ffnend, perspektivenreich.<\/strong><\/p>\n<h3><strong>Dominik Porsche<\/strong><\/h3>\n<p>Dein Guide<\/p>\n<h2 style=\"\">Dein Potenzial f\u00fcr Ver\u00e4nderung<\/h2>\n<ul>\n<li><span style=\"\">Klarheit f\u00fcr deine h\u00f6here Bestimmung&nbsp;<\/span><\/li>\n<li><span style=\"\"><span style=\"\">Tieferes Verst\u00e4ndnis f\u00fcr deinen Lebensweg<\/span><\/span><\/li>\n<li><span style=\"\">M\u00fcheloseres Handeln im Alltag<\/span><\/li>\n<li><span style=\"\">Vertrauen in all deine Heilungssprozesse<\/span><\/li>\n<li><span style=\"\">Loslassen von limitierenden Verhaltensmustern<\/span><\/li>\n<\/ul>\n<h2 style=\"text-align: center;\"><strong>Gene Keys Session &amp; Sinnfindung<\/strong><\/h2>\n<p style=\"text-align: left;\">Die Gene Keys sind eine von Richard Rudd entwickelte Lehre zur Selbsterkenntnis. Der Ansatz umfasst eine Mischung aus alter Weisheit, Liebe, Mythen, Achetypen, einem Verst\u00e4ndnis des I&#8217;Ging und der menschlichen Psyche. Das Ziel des Gene Keys Readings ist es, deine einzigartigen und wundersch\u00f6nen Diamanten im Leben zu schleifen.<\/p>\n<h2 style=\"text-align: left;\"><span style=\"color: rgb(255, 255, 255); --tcb-applied-color: rgb(135, 64, 211)  !important;\">Erbl\u00fche mit dem <\/span><strong><span style=\"color: var(fff26);\">Gene Keys Kompass.<\/span><\/strong><\/h2>\n<h4 style=\"\">DIE DREI SEQUENZEN<\/h4>\n<p style=\"\"><span style=\"--tcb-applied-color: rgba(240, 205, 205, 0.88)  !important; color: rgba(255, 255, 255, 0.88);\">Im Gene Keys Reading erf\u00e4hrst du spielerisch die Lebendigkeit der&nbsp;<\/span><a href=\"https:\/\/genekeys.com\/activation-sequence\/ref\/396\/\" target=\"_blank\" style=\"outline: none;\" rel=\"noopener\">Aktivierungs<\/a><span style=\"--tcb-applied-color: rgba(174, 110, 110, 0.88)  !important; color: rgba(255, 255, 255, 0.88);\">-,<\/span><a href=\"https:\/\/genekeys.com\/venus-sequence\/ref\/396\/\" target=\"_blank\" style=\"outline: none;\" rel=\"noopener\">Venus<\/a><span style=\"--tcb-applied-color: rgba(186, 118, 118, 0.88)  !important; color: rgba(255, 255, 255, 0.88);\">&#8211;<\/span><span style=\"color: rgba(255, 255, 255, 0.88); --tcb-applied-color: rgba(104, 63, 63, 0.88)  !important;\">&nbsp;<\/span><span style=\"--tcb-applied-color: rgba(104, 63, 63, 0.88)  !important; color: rgba(255, 255, 255, 0.88);\">und<\/span><a href=\"https:\/\/genekeys.com\/pearl-sequence\/ref\/396\/\" target=\"_blank\" style=\"outline: none;\" rel=\"noopener\">Perlensequenz<\/a>. <span style=\"--tcb-applied-color: rgba(255, 255, 255, 0.88)  !important; color: rgba(255, 255, 255, 0.88);\">Du expandierst die Weisheit zu deiner Begabung, Liebe und die des Wohlstands. Je nach Lebensweg und Gene Keys Erfahrung kombinieren wir diese drei Themenbereiche spielerisch miteinander.<\/span><\/p>\n<h4 style=\"\">DIE 64 GenSCH\u00dcSSEL &amp; 6 LINIEN<\/h4>\n<p style=\"\"><span style=\"--tcb-applied-color: rgba(250, 232, 232, 0.88)  !important; color: rgba(255, 255, 255, 0.88);\">Ein essenzieller Teil des Gene Keys Reading sind die 64 Genschl\u00fcssel und die 6 Linien. Von den 64 Genschl\u00fcsseln kannst du im Durchschnitt etwa 10 Genschl\u00fcssel in deinem<\/span><a href=\"https:\/\/genekeys.com\/free-profile\/ref\/396\/\" target=\"_blank\" style=\"outline: none;\" rel=\"noopener\">hologenetischen Profil<\/a><span style=\"--tcb-applied-color: rgba(255, 255, 255, 0.88)  !important; color: rgba(255, 255, 255, 0.88);\"> beobachten. Wir vertiefen, wie diese Genschl\u00fcssel und Linien heute dein Leben beeinflussen und wie deine Samen, Bl\u00fcten und Fr\u00fcchte tragen. <\/span><\/p>\n<h2 style=\"\">Details&nbsp;<strong>Gene Keys Session<\/strong><\/h2>\n<ul>\n<li><span style=\"\">Sitze mit Dominik f\u00fcr Einsichten der Kontemplation<\/span><\/li>\n<li><span>60-Minuten Live Gene Keys Sitzung mit Aufnahme<\/span><\/li>\n<li><span style=\"\">Inspiration, Klarheit und Harmonie f\u00fcr dein Leben<\/span><\/li>\n<\/ul>\n<h3 style=\"\"><strong>Die 60 Minuten Session<\/strong><\/h3>\n<p style=\"\">In Gene Keys Session wirst du von der Weisheit der Lehre inspiriert und den Archetypen deiner DNA, die damit tief in Resonanz gehen.<\/p>\n<h3 style=\"\"><strong>Zur\u00fcck in deinem Alltag<\/strong><\/h3>\n<p style=\"\">Erlebe dein Leben auf eine neue spielerische Art und Weise mit frischen inspirierenden Perspektiven.<\/p>\n<p><span><img decoding=\"async\" alt=\"\" data-id=\"5636\" width=\"383\" data-init-width=\"1200\" height=\"792\" data-init-height=\"792\" title=\"gk-reading-sessions-psd-neu\" loading=\"lazy\" src=\"https:\/\/beyonduality.com\/de\/wp-content\/uploads\/2023\/03\/gk-reading-sessions-psd-neu.jpg\" data-width=\"383\" style=\"aspect-ratio: auto 1200 \/ 792;\"><\/span><\/p>\n<h2 style=\"\">\u00dcber&nbsp;<strong><span style=\"color: var(--tcb-tpl-color-8);\">Dominik Porsche<\/span><\/strong><\/h2>\n<p>Dominik Porsche ist Gr\u00fcnder von Beyonduality. Er begleitet dich auf der Reise zu deiner wahren Bestimmung und inspiriert dich mit neuen Perspektiven f\u00fcr dein Leben. Sein Motto lautet;&nbsp;<\/p>\n<\/p>\n<p><strong>&#8222;<em>Nur wenn wir im Rhythmus mit uns und der Natur sind, werden wir Menschen unser Geburtsrecht von F\u00fclle, Frieden und Freiheit ausleben!&#8220;<\/em><\/strong><\/p>\n<\/p>\n<p>Pers\u00f6nliche Note: Ich freue mich, dich auf deinem Weg begleiten zu d\u00fcrfen!<\/p>\n<\/p>\n<p>Dein Dominik<\/p>\n<p>[tcb-script src=&#8220;https:\/\/bookme.name\/js\/booklikeaboss.embed.js?i=19030&amp;h=aoVlvlnfklX175wN5y1pDQljuJCB0zDxKqOQBbm2GJNjGfGCMQqbIKhfLw7Y&#8220; async=&#8220;&#8220;][\/tcb-script]<span><img decoding=\"async\" alt=\"\" data-id=\"5549\" width=\"110\" data-init-width=\"500\" height=\"750\" data-init-height=\"750\" title=\"magdalena IMG_2446-web\" loading=\"lazy\" src=\"https:\/\/beyonduality.com\/de\/wp-content\/uploads\/2023\/02\/magdalena-IMG_2446-web.jpg\" data-width=\"110\" style=\"aspect-ratio: auto 500 \/ 750;\"><\/span><\/p>\n<h5><strong>Magdalena Palmoswka<\/strong><\/h5>\n<p style=\"\">Kreatives Genie<\/p>\n<p style=\"\">Ich habe die Gene Keys Session mit Dominik geliebt. Alle Informationen waren interessant und haben mich tief ber\u00fchrt. Dominik ist freundlich, warm, nett und offenherzig &#8211; ich f\u00fchlte mich ruhig, gesehen und verstanden. Vielen Dank f\u00fcr diese Erfahrung!<\/p>\n<p><span><img decoding=\"async\" alt=\"\" data-id=\"4843\" width=\"110\" data-init-width=\"1080\" height=\"1080\" data-init-height=\"1080\" title=\"nico feger\" loading=\"lazy\" src=\"https:\/\/beyonduality.com\/de\/wp-content\/uploads\/2022\/09\/nico-feger.jpg\" data-width=\"110\" style=\"aspect-ratio: auto 1080 \/ 1080;\"><\/span><\/p>\n<h5><strong>NICO FEGER<\/strong><\/h5>\n<p style=\"\">Verkaufsleiter<\/p>\n<p style=\"\">Es war f\u00fcr mich eine absolute Bereicherung mit Dominik zu arbeiten, sein Coaching ist sehr tiefg\u00e4ngig und hat mich auf eine neue Bewusstseinsebene gebracht. Gerade in Verbindung mit der Lehre der Gene Keys konnte ich einmalige Infos f\u00fcr mich mitnehmen. Ich bin daf\u00fcr absolut dankbar und freue mich auf zuk\u00fcnftige Impulse!<\/p>\n<p><span><img decoding=\"async\" alt=\"\" data-id=\"5099\" width=\"110\" data-init-width=\"400\" height=\"543\" data-init-height=\"543\" title=\"Renate-Kunst-web\" loading=\"lazy\" src=\"https:\/\/beyonduality.com\/de\/wp-content\/uploads\/2022\/10\/Renate-Kunst-web.jpg\" data-width=\"110\" style=\"aspect-ratio: auto 400 \/ 543;\"><\/span><\/p>\n<h5><strong>Renate kunst<\/strong><\/h5>\n<p style=\"\">ehemalige P\u00e4dagogin<\/p>\n<p style=\"\">Danke f\u00fcr dieses erhellende, achtsame und liebevolle Eintauchen in die immaterielle Welt der Gene Keys, die helfen, mit dem ureigenen Potential und den Gaben sich der Aufgabe in unserer Welt der gro\u00dfen Vernetzung jeden Augenblick bewusster zu werden. Ver\u00e4nderung als Freude und Herausforderung des Lebens und der Lebendigkeit. Kein Dogma aber ein Gedankenspiel das mir pers\u00f6nlich hilft, leichter zu durchschauen und zu erf\u00fchlen, was in jedem Augenblick meine Aufgabe ist, ob intuitiv oder pragmatisch strukturiert. Alles ist eine M\u00f6glichkeit auf die Lebensimpulse und neuen Herausforderungen gelassener und gezielter zu reagieren. Wie kostbar ist ein Dialog der mit dem Herzen sieht und den Verstand sanft und voller Weisheit als Hilfsmittel einsetzt. Neue Impulse beleben das Lebensgewebe. Danke lieber Dominik f\u00fcr diesen kostbaren Austausch.<\/p>\n<h2 style=\"\">&#8222;Die Gene Keys-Lehren sind ein kontemplativer Ansatz, sie sind keine Therapie! Allerdings sind sie zutiefst therapeutisch.&#8220;<\/h2>\n<p>[ratemypost]<\/p>\n<h2 style=\"\">Wenn du noch <strong>Fragen<\/strong> zum Gene Keys Reading hast, lass es mich gerne per E-Mail wissen<\/h2>\n<ul>\n<li style=\"\"><span style=\"\"><a href=\"https:\/\/beyonduality.com\/de\/impressum\/\" data-shortcode-id=\"9\" data-dynamic-link=\"thrive_global_fields_url\" target=\"_blank\" rel=\"noopener\" style=\"outline: none;\">dominik@beyonduality.com<\/a><\/span><\/li>\n<\/ul>\n<p><span><img decoding=\"async\" alt=\"\" data-id=\"55988\" width=\"455\" height=\"380\" title=\"consultant_contact_02\" src=\"https:\/\/beyonduality.com\/de\/wp-content\/uploads\/2022\/08\/consultant_contact_02.jpg\" style=\"\"><\/span><\/p>\n","protected":false},"excerpt":{"rendered":"<p>Gene Keys 1:1 Reading 60Minuten LIVE-ZOOM-Sitzung&nbsp; Bespreche mit Dominik, was dir bei den Genschl\u00fcsseln auf dem Herzen liegt und erlebe dabei befreiende, erdende und frische alltagstaugliche Perspektiven f\u00fcr dein Leben.&nbsp; Dominik&#8217;s Botschaft Ein Gro\u00dfteil meiner Reise war von Dunkelheit und einem tiefen Vergessen meines gesamten Wesens gepr\u00e4gt. Alles \u00e4nderte sich, als ich die Lehren der [&hellip;]<\/p>\n","protected":false},"author":1,"featured_media":4601,"parent":0,"menu_order":0,"comment_status":"closed","ping_status":"closed","template":"","meta":{"footnotes":""},"class_list":["post-4675","page","type-page","status-publish","has-post-thumbnail"],"_links":{"self":[{"href":"https:\/\/beyonduality.com\/de\/wp-json\/wp\/v2\/pages\/4675","targetHints":{"allow":["GET"]}}],"collection":[{"href":"https:\/\/beyonduality.com\/de\/wp-json\/wp\/v2\/pages"}],"about":[{"href":"https:\/\/beyonduality.com\/de\/wp-json\/wp\/v2\/types\/page"}],"author":[{"embeddable":true,"href":"https:\/\/beyonduality.com\/de\/wp-json\/wp\/v2\/users\/1"}],"replies":[{"embeddable":true,"href":"https:\/\/beyonduality.com\/de\/wp-json\/wp\/v2\/comments?post=4675"}],"version-history":[{"count":2,"href":"https:\/\/beyonduality.com\/de\/wp-json\/wp\/v2\/pages\/4675\/revisions"}],"predecessor-version":[{"id":7440,"href":"https:\/\/beyonduality.com\/de\/wp-json\/wp\/v2\/pages\/4675\/revisions\/7440"}],"wp:featuredmedia":[{"embeddable":true,"href":"https:\/\/beyonduality.com\/de\/wp-json\/wp\/v2\/media\/4601"}],"wp:attachment":[{"href":"https:\/\/beyonduality.com\/de\/wp-json\/wp\/v2\/media?parent=4675"}],"curies":[{"name":"wp","href":"https:\/\/api.w.org\/{rel}","templated":true}]}}