{"id":5239,"date":"2022-12-10T16:40:21","date_gmt":"2022-12-10T14:40:21","guid":{"rendered":"https:\/\/beyonduality.com\/de\/?page_id=5239"},"modified":"2024-04-05T17:31:53","modified_gmt":"2024-04-05T15:31:53","slug":"vertraut-verspielt-verbunden","status":"publish","type":"page","link":"https:\/\/beyonduality.com\/de\/vertraut-verspielt-verbunden\/","title":{"rendered":"Vertraut. Verspielt. Verbunden."},"content":{"rendered":"<div id=\"tdi_1\" class=\"tdc-zone\"><div class=\"tdc_zone tdi_2  wpb_row td-pb-row\"  >\n<style scoped>\n\/* custom css - generated by TagDiv Composer *\/\n\n\/* custom css - generated by TagDiv Composer *\/\n.tdi_2{\r\n                    min-height: 0;\r\n                }\n\/* inline tdc_css att - generated by TagDiv Composer *\/\n\n.tdi_2{\npadding-right:10% !important;\npadding-left:10% !important;\n}\n\n<\/style><div id=\"tdi_3\" class=\"tdc-row\"><div class=\"vc_row tdi_4  wpb_row td-pb-row\" >\n<style scoped>\n\/* custom css - generated by TagDiv Composer *\/\n\n\/* custom css - generated by TagDiv Composer *\/\n.tdi_4,\r\n                .tdi_4 .tdc-columns{\r\n                    min-height: 0;\r\n                }.tdi_4,\r\n\t\t\t\t.tdi_4 .tdc-columns{\r\n\t\t\t\t    display: block;\r\n\t\t\t\t}.tdi_4 .tdc-columns{\r\n\t\t\t\t    width: 100%;\r\n\t\t\t\t}.tdi_4:before,\r\n\t\t\t\t.tdi_4:after{\r\n\t\t\t\t    display: table;\r\n\t\t\t\t}\n<\/style><div class=\"vc_column tdi_6  wpb_column vc_column_container tdc-column td-pb-span12\">\n<style scoped>\n\/* custom css - generated by TagDiv Composer *\/\n\n\/* custom css - generated by TagDiv Composer *\/\n.tdi_6{\r\n                    vertical-align: baseline;\r\n                }.tdi_6 > .wpb_wrapper,\r\n\t\t\t\t.tdi_6 > .wpb_wrapper > .tdc-elements{\r\n\t\t\t\t    display: block;\r\n\t\t\t\t}.tdi_6 > .wpb_wrapper > .tdc-elements{\r\n\t\t\t\t    width: 100%;\r\n\t\t\t\t}.tdi_6 > .wpb_wrapper > .vc_row_inner{\r\n\t\t\t\t    width: auto;\r\n\t\t\t\t}.tdi_6 > .wpb_wrapper{\r\n\t\t\t\t    width: auto;\r\n\t\t\t\t    height: auto;\r\n\t\t\t\t}\n<\/style><div class=\"wpb_wrapper\" ><\/div><\/div><\/div><\/div><div id=\"tdi_7\" class=\"tdc-row stretch_row_1200 td-stretch-content\"><div class=\"vc_row tdi_8  wpb_row td-pb-row\" >\n<style scoped>\n\/* custom css - generated by TagDiv Composer *\/\n\n\/* custom css - generated by TagDiv Composer *\/\n.tdi_8,\r\n                .tdi_8 .tdc-columns{\r\n                    min-height: 0;\r\n                }.tdi_8,\r\n\t\t\t\t.tdi_8 .tdc-columns{\r\n\t\t\t\t    display: block;\r\n\t\t\t\t}.tdi_8 .tdc-columns{\r\n\t\t\t\t    width: 100%;\r\n\t\t\t\t}.tdi_8:before,\r\n\t\t\t\t.tdi_8:after{\r\n\t\t\t\t    display: table;\r\n\t\t\t\t}\n\/* inline tdc_css att - generated by TagDiv Composer *\/\n\n.tdi_8{\npadding-top:49px !important;\n}\n\n.tdi_8 .td_block_wrap{ text-align:left }\n\n<\/style><div class=\"vc_column tdi_10  wpb_column vc_column_container tdc-column td-pb-span12\">\n<style scoped>\n\/* custom css - generated by TagDiv Composer *\/\n\n\/* custom css - generated by TagDiv Composer *\/\n.tdi_10{\r\n                    vertical-align: baseline;\r\n                }.tdi_10 > .wpb_wrapper,\r\n\t\t\t\t.tdi_10 > .wpb_wrapper > .tdc-elements{\r\n\t\t\t\t    display: block;\r\n\t\t\t\t}.tdi_10 > .wpb_wrapper > .tdc-elements{\r\n\t\t\t\t    width: 100%;\r\n\t\t\t\t}.tdi_10 > .wpb_wrapper > .vc_row_inner{\r\n\t\t\t\t    width: auto;\r\n\t\t\t\t}.tdi_10 > .wpb_wrapper{\r\n\t\t\t\t    width: auto;\r\n\t\t\t\t    height: auto;\r\n\t\t\t\t}\n<\/style><div class=\"wpb_wrapper\" ><div class=\"tdm_block td_block_wrap tdm_block_column_title tdi_11 tdm-content-horiz-center td-pb-border-top td_block_template_1\"  data-td-block-uid=\"tdi_11\" >\n<style>\n\/* custom css - generated by TagDiv Composer *\/\n.tdm_block_column_title{\r\n                  margin-bottom: 0;\r\n                  display: inline-block;\r\n                  width: 100%;\r\n                }\n<\/style><div class=\"td-block-row\"><div class=\"td-block-span12 tdm-col\">\n<style>\n\/* custom css - generated by TagDiv Composer *\/\nbody .tdi_12 .tdm-title{\r\n\t\t\t\t\tcolor: #39a6ce;\r\n\t\t\t\t}body .tdi_12:hover .tdm-title,\r\n\t\t\t\tbody .tds_icon_box5_wrap:hover .tdi_12 .tdm-title{\r\n\t\t\t\t\tcolor: #ffffff;\r\n\t\t\t\t\r\n\t\t\t\t\t-webkit-text-fill-color: unset;\r\n\t\t\t\t\tbackground: transparent;\r\n\t\t\t\t\ttransition: none;\r\n\t\t\t\t}.tdi_12:hover .tdm-title{\r\n\t\t\t\t\tcursor: default;\r\n\t\t\t\t}.tdi_12 .tdm-title{\r\n\t\t\t\t\tfont-family:Montserrat !important;font-weight:700 !important;text-transform:uppercase !important;\r\n\t\t\t\t}\n\n\/* phone *\/\n@media (max-width: 767px){\n.tdi_12 .tdm-title{\r\n\t\t\t\t\tfont-size:25px !important;\r\n\t\t\t\t}\n}\n<\/style><div class=\"tds-title tds-title1 td-fix-index tdi_12 \"><h3 class=\"tdm-title tdm-title-md\">- Vertraut. Verspielt. Verbunden.  -<\/h3><\/div><\/div><\/div><\/div><div class=\"tdm_block td_block_wrap tdm_block_inline_text tdi_13 td-pb-border-top td_block_template_1\"  data-td-block-uid=\"tdi_13\" >\n<style>\n\n\/* inline tdc_css att - generated by TagDiv Composer *\/\n\n.tdi_13{\nmargin-top:0px !important;\nmargin-bottom:50px !important;\n}\n\n\/* phone *\/\n@media (max-width: 767px)\n{\n.tdi_13{\nmargin-right:-11px !important;\nmargin-left:-11px !important;\n}\n}\n\n<\/style>\n<style>\n\/* custom css - generated by TagDiv Composer *\/\n.tdm_block.tdm_block_inline_text{\r\n                  margin-bottom: 0;\r\n                  vertical-align: top;\r\n                }.tdm_block.tdm_block_inline_text .tdm-descr{\r\n                  margin-bottom: 0;\r\n                  -webkit-transform: translateZ(0);\r\n                  transform: translateZ(0);\r\n                }.tdc-row-content-vert-center .tdm-inline-text-yes{\r\n                  vertical-align: middle;\r\n                }.tdc-row-content-vert-bottom .tdm-inline-text-yes{\r\n                  vertical-align: bottom;\r\n                }.tdi_13{\r\n                    text-align: center !important;\r\n                    margin-right: auto; \r\n                    margin-left: auto;\r\n                }.tdi_13 .tdm-descr{\r\n                    color: #ffffff;\r\n                \r\n\t\t\t\t\tfont-size:25px !important;font-style:italic !important;\r\n\t\t\t\t}\n<\/style><p class=\"tdm-descr\">- Vertrautes Selbst, verspieltes Kind und verbundenes Weltbild. - <\/p><\/div><\/div><\/div><\/div><\/div><div id=\"tdi_14\" class=\"tdc-row stretch_row_1200 td-stretch-content\"><div class=\"vc_row tdi_15  wpb_row td-pb-row\" >\n<style scoped>\n\/* custom css - generated by TagDiv Composer *\/\n\n\/* custom css - generated by TagDiv Composer *\/\n.tdi_15,\r\n                .tdi_15 .tdc-columns{\r\n                    min-height: 0;\r\n                }.tdi_15,\r\n\t\t\t\t.tdi_15 .tdc-columns{\r\n\t\t\t\t    display: block;\r\n\t\t\t\t}.tdi_15 .tdc-columns{\r\n\t\t\t\t    width: 100%;\r\n\t\t\t\t}.tdi_15:before,\r\n\t\t\t\t.tdi_15:after{\r\n\t\t\t\t    display: table;\r\n\t\t\t\t}\n\/* inline tdc_css att - generated by TagDiv Composer *\/\n\n\/* desktop *\/ @media(min-width: 1141px) { .tdi_15 { \ndisplay:none !important;\n} }\n\n\/* phone *\/\n@media (max-width: 767px)\n{\n.tdi_15{\ndisplay:none !important;\n}\n}\n\n<\/style><div class=\"vc_column tdi_17  wpb_column vc_column_container tdc-column td-pb-span6\">\n<style scoped>\n\/* custom css - generated by TagDiv Composer *\/\n\n\/* custom css - generated by TagDiv Composer *\/\n.tdi_17{\r\n                    vertical-align: baseline;\r\n                }.tdi_17 > .wpb_wrapper,\r\n\t\t\t\t.tdi_17 > .wpb_wrapper > .tdc-elements{\r\n\t\t\t\t    display: block;\r\n\t\t\t\t}.tdi_17 > .wpb_wrapper > .tdc-elements{\r\n\t\t\t\t    width: 100%;\r\n\t\t\t\t}.tdi_17 > .wpb_wrapper > .vc_row_inner{\r\n\t\t\t\t    width: auto;\r\n\t\t\t\t}.tdi_17 > .wpb_wrapper{\r\n\t\t\t\t    width: auto;\r\n\t\t\t\t    height: auto;\r\n\t\t\t\t}\n<\/style><div class=\"wpb_wrapper\" ><\/div><\/div><div class=\"vc_column tdi_19  wpb_column vc_column_container tdc-column td-pb-span6\">\n<style scoped>\n\/* custom css - generated by TagDiv Composer *\/\n\n\/* custom css - generated by TagDiv Composer *\/\n.tdi_19{\r\n                    vertical-align: baseline;\r\n                }.tdi_19 > .wpb_wrapper,\r\n\t\t\t\t.tdi_19 > .wpb_wrapper > .tdc-elements{\r\n\t\t\t\t    display: block;\r\n\t\t\t\t}.tdi_19 > .wpb_wrapper > .tdc-elements{\r\n\t\t\t\t    width: 100%;\r\n\t\t\t\t}.tdi_19 > .wpb_wrapper > .vc_row_inner{\r\n\t\t\t\t    width: auto;\r\n\t\t\t\t}.tdi_19 > .wpb_wrapper{\r\n\t\t\t\t    width: auto;\r\n\t\t\t\t    height: auto;\r\n\t\t\t\t}\n<\/style><div class=\"wpb_wrapper\" ><\/div><\/div><\/div><\/div><div id=\"tdi_20\" class=\"tdc-row\"><div class=\"vc_row tdi_21  wpb_row td-pb-row\" >\n<style scoped>\n\/* custom css - generated by TagDiv Composer *\/\n\n\/* custom css - generated by TagDiv Composer *\/\n.tdi_21,\r\n                .tdi_21 .tdc-columns{\r\n                    min-height: 0;\r\n                }.tdi_21,\r\n\t\t\t\t.tdi_21 .tdc-columns{\r\n\t\t\t\t    display: block;\r\n\t\t\t\t}.tdi_21 .tdc-columns{\r\n\t\t\t\t    width: 100%;\r\n\t\t\t\t}.tdi_21:before,\r\n\t\t\t\t.tdi_21:after{\r\n\t\t\t\t    display: table;\r\n\t\t\t\t}\n<\/style><div class=\"vc_column tdi_23  wpb_column vc_column_container tdc-column td-pb-span12\">\n<style scoped>\n\/* custom css - generated by TagDiv Composer *\/\n\n\/* custom css - generated by TagDiv Composer *\/\n.tdi_23{\r\n                    vertical-align: baseline;\r\n                }.tdi_23 > .wpb_wrapper,\r\n\t\t\t\t.tdi_23 > .wpb_wrapper > .tdc-elements{\r\n\t\t\t\t    display: block;\r\n\t\t\t\t}.tdi_23 > .wpb_wrapper > .tdc-elements{\r\n\t\t\t\t    width: 100%;\r\n\t\t\t\t}.tdi_23 > .wpb_wrapper > .vc_row_inner{\r\n\t\t\t\t    width: auto;\r\n\t\t\t\t}.tdi_23 > .wpb_wrapper{\r\n\t\t\t\t    width: auto;\r\n\t\t\t\t    height: auto;\r\n\t\t\t\t}\n<\/style><div class=\"wpb_wrapper\" ><div class=\"tdm_block td_block_wrap tdm_block_column_title tdi_24 tdm-content-horiz-center td-pb-border-top td-restro-section-title td_block_template_1\"  data-td-block-uid=\"tdi_24\" >\n<style>\n\n\/* inline tdc_css att - generated by TagDiv Composer *\/\n\n.tdi_24{\nmargin-bottom:6px !important;\n}\n\n<\/style><div class=\"td-block-row\"><div class=\"td-block-span12 tdm-col\">\n<style>\n\/* custom css - generated by TagDiv Composer *\/\n.tdi_25 .tdm-title{\r\n\t\t\t\t\tcolor: #cfb53b;\r\n\t\t\t\t\r\n\t\t\t\t\tfont-family:Kaushan Script !important;font-size:77px !important;font-weight:700 !important;\r\n\t\t\t\t}body .tdi_25:hover .tdm-title,\r\n\t\t\t\tbody .tds_icon_box5_wrap:hover .tdi_25 .tdm-title{\r\n\t\t\t\t\tcolor: #cfb53b;\r\n\t\t\t\t\r\n\t\t\t\t\t-webkit-text-fill-color: unset;\r\n\t\t\t\t\tbackground: transparent;\r\n\t\t\t\t\ttransition: none;\r\n\t\t\t\t}.tdi_25:hover .tdm-title{\r\n\t\t\t\t\tcursor: default;\r\n\t\t\t\t}body .tdi_25 .tdm-title-line:after{\r\n\t\t\t\t\tbackground: rgba(255,255,255,0);\r\n\t\t\t\t}.tdi_25 .tdm-title-line{\r\n\t\t\t\t\twidth: 60px;\r\n\t\t\t\t\r\n\t\t\t\t\theight: 30px;\r\n\t\t\t\t}.tdi_25 .tdm-title-line:after{\r\n\t\t\t\t\theight: 2px;\r\n\t\t\t\t\r\n\t\t\t\t\tbottom: 40%;\r\n\t\t\t\t}\n\n\/* phone *\/\n@media (max-width: 767px){\n.tdi_25 .tdm-title{\r\n\t\t\t\t\tfont-size:35px !important;\r\n\t\t\t\t}\n}\n<\/style><div class=\"tds-title tds-title2 td-fix-index tdi_25 \"><h3 class=\"tdm-title tdm-title-bg\">- Unser Motto -  <\/h3><div class=\"tdm-title-line\"><\/div><\/div><\/div><\/div><\/div><div class=\"tdm_block td_block_wrap tdm_block_inline_image tdi_26 tdm-inline-block tdm-content-horiz-left td-pb-border-top td_block_template_1\"  data-td-block-uid=\"tdi_26\" >\n<style>\n\/* custom css - generated by TagDiv Composer *\/\n.tdm_block.tdm_block_inline_image{\r\n                  position: relative;\r\n                  margin-bottom: 0;\r\n                  line-height: 0;\r\n                  overflow: hidden;\r\n                }.tdm_block.tdm_block_inline_image .tdm-inline-image-wrap{\r\n                  position: relative;\r\n                  display: inline-block;\r\n                }.tdm_block.tdm_block_inline_image .td-image-video-modal{\r\n                  cursor: pointer;\r\n                }.tdm_block.tdm_block_inline_image .tdm-caption{\r\n                  width: 100%;\r\n                  font-family: Verdana, BlinkMacSystemFont, -apple-system, \"Segoe UI\", Roboto, Oxygen, Ubuntu, Cantarell, \"Open Sans\", \"Helvetica Neue\", sans-serif;\r\n                  padding-top: 6px;\r\n                  padding-bottom: 6px;\r\n                  font-size: 12px;\r\n                  font-style: italic;\r\n                  font-weight: normal;\r\n                  line-height: 17px;\r\n                  color: #444;\r\n                }.tdm_block.tdm_block_inline_image.tdm-caption-over-image .tdm-caption{\r\n                  position: absolute;\r\n                  left: 0;\r\n                  bottom: 0;\r\n                  margin-top: 0;\r\n                  padding-left: 10px;\r\n                  padding-right: 10px;\r\n                  width: 100%;\r\n                  background: rgba(0, 0, 0, 0.7);\r\n                  color: #fff;\r\n                }.tdi_26 .tdm-inline-image-wrap:hover:before{\r\n                    opacity: 0;\r\n                }.tdi_26 .tdm-image{\r\n\t\t\t\t\tborder-color:  #eaeaea;\r\n\t\t\t\t}\n<\/style><div class=\"tdm-inline-image-wrap \" ><img decoding=\"async\" class=\"tdm-image td-fix-index\" src=\"https:\/\/beyonduality.com\/de\/wp-content\/uploads\/2023\/03\/Gk45-and-44-neu-webweb.png\"  title=\"Gk45-and-44-neu-webweb\" width=\"1500\" height=\"844\"><\/div><\/div><div class=\"tdm_block td_block_wrap tdm_block_inline_text tdi_27 td-pb-border-top td_block_template_1\"  data-td-block-uid=\"tdi_27\" >\n<style>\n\n\/* inline tdc_css att - generated by TagDiv Composer *\/\n\n.tdi_27{\nmargin-top:25px !important;\nmargin-bottom:25px !important;\n}\n\n\/* phone *\/\n@media (max-width: 767px)\n{\n.tdi_27{\nmargin-right:-11px !important;\nmargin-left:-11px !important;\n}\n}\n\n<\/style>\n<style>\n\/* custom css - generated by TagDiv Composer *\/\n.tdi_27{\r\n                    text-align: center !important;\r\n                    margin-right: auto; \r\n                    margin-left: auto;\r\n                }.tdi_27 .tdm-descr{\r\n                    color: #ffffff;\r\n                \r\n\t\t\t\t\tfont-size:25px !important;font-style:italic !important;\r\n\t\t\t\t}\n<\/style><p class=\"tdm-descr\">\"Vertraue dir und deinen Lebensthemen, sei verspielt wie ein Kind und erweitere deine Perspektiven zu GAIA und all ihren Einwohnern f\u00fcr ein Gef\u00fchl der Verbundenheit\"<\/p><\/div><div class=\"tdm_block td_block_wrap tdm_block_inline_text tdi_28 td-pb-border-top td_block_template_1\"  data-td-block-uid=\"tdi_28\" >\n<style>\n\n\/* inline tdc_css att - generated by TagDiv Composer *\/\n\n.tdi_28{\nmargin-top:25px !important;\nmargin-bottom:25px !important;\n}\n\n\/* phone *\/\n@media (max-width: 767px)\n{\n.tdi_28{\nmargin-right:-11px !important;\nmargin-left:-11px !important;\n}\n}\n\n<\/style>\n<style>\n\/* custom css - generated by TagDiv Composer *\/\n.tdi_28{\r\n                    text-align: left !important;\r\n                }.tdi_28 .tdm-descr{\r\n                    color: #ffffff;\r\n                \r\n\t\t\t\t\tfont-size:19px !important;\r\n\t\t\t\t}\n<\/style><p class=\"tdm-descr\">Das Motto aus dieser Dreifaltigkeit - Vertraut. Verspielt. Verbunden. soll dich auf deiner Heldenreise in deine Oase voller wundersch\u00f6ner Edelsteine begleiten. Unsere Mission ist es, Menschen  zu einem tiefgr\u00fcndigen Miteinander zu bewegen. Der authentische Selbstausdruck ist dein wertvollstes Gut! Lange genug sind wir Menschen wie Fische im Meer herumgeschwommen. Das Fische-Zeitalter endet sehr bald, so sagen es die astrologischen Berechnungen, und wir wechseln ins Wassermann Zeitalter. Die Anzeichen sind schon vorhanden, \u00e4hnlich des Herbstes, der den n\u00e4chsten Sommer ank\u00fcndigt. Dies bedeutet f\u00fcr uns Menschen, dass wir vom Zeitalter der Dualit\u00e4t ins Zeitalter der Frequenz wechseln und uns somit intensiver den je mit unseren Emotionen, Verhaltensweisen und Gedankenmustern besch\u00e4ftigen d\u00fcrfen. Weltweit gab es die letzten 2000 Jahre starke Verbesserungen in der Wasserfahrt. Seit knapp 100 Jahren besch\u00e4ftigt sich der Mensch intensiv mit der Luftfahrt. Eines der klaren Indizien, dass wir vom Wasserelement (Fischzeitalter) die ersten Schritte ins Luftelement (Wassermannzeitalter) machten. Gerade das zwanzigste Jahrhundert hat uns mit den Lehren aus Ost und West, Mystik und Wissenschaft auf diesen Moment vorbereitet - der Reinigung und \u00d6ffnung unseres Herzraums f\u00fcr den evolution\u00e4ren Wachstum der Menschheit und GAIA. Beyonduality begleitet dich auf deiner Heldenreise ins goldene Zeitalter. <\/p><\/div><div class=\"tdm_block td_block_wrap tdm_block_column_title tdi_29 tdm-content-horiz-center td-pb-border-top td-restro-section-title td_block_template_1\"  data-td-block-uid=\"tdi_29\" >\n<style>\n\n\/* inline tdc_css att - generated by TagDiv Composer *\/\n\n.tdi_29{\nmargin-bottom:6px !important;\n}\n\n<\/style><div class=\"td-block-row\"><div class=\"td-block-span12 tdm-col\">\n<style>\n\/* custom css - generated by TagDiv Composer *\/\n.tdi_30 .tdm-title{\r\n\t\t\t\t\tcolor: #cfb53b;\r\n\t\t\t\t\r\n\t\t\t\t\tfont-family:Kaushan Script !important;font-weight:700 !important;\r\n\t\t\t\t}body .tdi_30 .tdm-title-line:after{\r\n\t\t\t\t\tbackground: #c166ff;\r\n\t\t\t\t}.tdi_30 .tdm-title-line{\r\n\t\t\t\t\twidth: 60px;\r\n\t\t\t\t\r\n\t\t\t\t\theight: 30px;\r\n\t\t\t\t}.tdi_30 .tdm-title-line:after{\r\n\t\t\t\t\theight: 2px;\r\n\t\t\t\t\r\n\t\t\t\t\tbottom: 40%;\r\n\t\t\t\t}\n<\/style><div class=\"tds-title tds-title2 td-fix-index tdi_30 \"><h3 class=\"tdm-title tdm-title-bg\">Dominik's Botschaft an dich<\/h3><div class=\"tdm-title-line\"><\/div><\/div><\/div><\/div><\/div><div class=\"tdm_block td_block_wrap tdm_block_inline_image tdi_31 tdm-inline-block tdm-content-horiz-left td-pb-border-top td_block_template_1\"  data-td-block-uid=\"tdi_31\" >\n<style>\n\/* custom css - generated by TagDiv Composer *\/\n.tdi_31 .tdm-inline-image-wrap:hover:before{\r\n                    opacity: 0;\r\n                }.tdi_31 .tdm-image{\r\n\t\t\t\t\tborder-color:  #eaeaea;\r\n\t\t\t\t}\n<\/style><div class=\"tdm-inline-image-wrap \" ><img decoding=\"async\" class=\"tdm-image td-fix-index\" src=\"https:\/\/beyonduality.com\/de\/wp-content\/uploads\/2022\/02\/BD-uber-mich.jpg\"  title=\"BD-uber-mich\" width=\"1500\" height=\"1000\"><\/div><\/div><div class=\"tdm_block td_block_wrap tdm_block_inline_text tdi_32 td-pb-border-top td_block_template_1\"  data-td-block-uid=\"tdi_32\" >\n<style>\n\n\/* inline tdc_css att - generated by TagDiv Composer *\/\n\n.tdi_32{\nmargin-top:25px !important;\nmargin-bottom:25px !important;\n}\n\n\/* phone *\/\n@media (max-width: 767px)\n{\n.tdi_32{\nmargin-right:-11px !important;\nmargin-left:-11px !important;\n}\n}\n\n<\/style>\n<style>\n\/* custom css - generated by TagDiv Composer *\/\n.tdi_32{\r\n                    text-align: center !important;\r\n                    margin-right: auto; \r\n                    margin-left: auto;\r\n                }.tdi_32 .tdm-descr{\r\n                    color: #ffffff;\r\n                \r\n\t\t\t\t\tfont-size:25px !important;font-style:italic !important;\r\n\t\t\t\t}\n<\/style><p class=\"tdm-descr\">\u201eEntdecke neue inspirierende und lebensver\u00e4ndernde Perspektiven f\u00fcr dein Leben expandiere deine F\u00e4higkeit der Liebe \u201c - Dominik Porsche<\/p><\/div><div class=\"tdm_block td_block_wrap tdm_block_inline_text tdi_33 td-pb-border-top td_block_template_1\"  data-td-block-uid=\"tdi_33\" >\n<style>\n\n\/* inline tdc_css att - generated by TagDiv Composer *\/\n\n.tdi_33{\nmargin-top:25px !important;\nmargin-bottom:25px !important;\n}\n\n\/* phone *\/\n@media (max-width: 767px)\n{\n.tdi_33{\nmargin-right:-11px !important;\nmargin-left:-11px !important;\n}\n}\n\n<\/style>\n<style>\n\/* custom css - generated by TagDiv Composer *\/\n.tdi_33{\r\n                    text-align: center !important;\r\n                    margin-right: auto; \r\n                    margin-left: auto;\r\n                }.tdi_33 .tdm-descr{\r\n                    color: #ffffff;\r\n                \r\n\t\t\t\t\tfont-size:19px !important;\r\n\t\t\t\t}\n<\/style><p class=\"tdm-descr\">Hi, sch\u00f6n dass du hier bist. Wir teilen ein gemeinsames Ziel und eine Leidenschaft; Erkundung der Innenwelt und authentischer Ausdruck unserer Innenwelt in der Au\u00dfenwelt. Alle Beitr\u00e4ge von mir bewegen sich auf diesem Spielfeld \u2013 Expansion der Weisheit und Ausdruck der Liebe. <\/p><\/div><div class=\"tdm_block td_block_wrap tdm_block_column_title tdi_34 tdm-content-horiz-center td-pb-border-top td-restro-section-title td_block_template_1\"  data-td-block-uid=\"tdi_34\" >\n<style>\n\n\/* inline tdc_css att - generated by TagDiv Composer *\/\n\n.tdi_34{\nmargin-bottom:6px !important;\n}\n\n<\/style><div class=\"td-block-row\"><div class=\"td-block-span12 tdm-col\">\n<style>\n\/* custom css - generated by TagDiv Composer *\/\n.tdi_35 .tdm-title{\r\n\t\t\t\t\tcolor: #cfb53b;\r\n\t\t\t\t\r\n\t\t\t\t\tfont-family:Kaushan Script !important;font-weight:700 !important;\r\n\t\t\t\t}body .tdi_35 .tdm-title-line:after{\r\n\t\t\t\t\tbackground: #c166ff;\r\n\t\t\t\t}.tdi_35 .tdm-title-line{\r\n\t\t\t\t\twidth: 60px;\r\n\t\t\t\t\r\n\t\t\t\t\theight: 30px;\r\n\t\t\t\t}.tdi_35 .tdm-title-line:after{\r\n\t\t\t\t\theight: 2px;\r\n\t\t\t\t\r\n\t\t\t\t\tbottom: 40%;\r\n\t\t\t\t}\n<\/style><div class=\"tds-title tds-title2 td-fix-index tdi_35 \"><h3 class=\"tdm-title tdm-title-bg\">Deine Telegram Community<\/h3><div class=\"tdm-title-line\"><\/div><\/div><\/div><\/div><\/div><div class=\"tdm_block td_block_wrap tdm_block_button tdi_36 tdm-content-horiz-center td-pb-border-top td_block_template_1\"  data-td-block-uid=\"tdi_36\"     >\n<style>\n\/* custom css - generated by TagDiv Composer *\/\n.tdm_block.tdm_block_button{\r\n                  margin-bottom: 0;\r\n                }.tdm_block.tdm_block_button .tds-button{\r\n                  line-height: 0;\r\n                }.tdm_block.tdm_block_button.tdm-block-button-inline{\r\n                  display: inline-block;\r\n                }.tdm_block.tdm_block_button.tdm-block-button-full,\r\n                .tdm_block.tdm_block_button.tdm-block-button-full .tdm-btn{\r\n                  display: block;\r\n                }\n<\/style>\n<style>\n\/* custom css - generated by TagDiv Composer *\/\nbody .tdi_37{\r\n\t\t\t\t\tbackground-color: #39a6ce;\r\n\t\t\t\t}body .tdi_37:before{\r\n\t\t\t\t\tbackground-color: #80b9ce;\r\n\t\t\t\t}.tdi_37 .tdm-btn-icon:last-child{\r\n\t\t\t\t\tmargin-left: 14px;\r\n\t\t\t\t}.tdi_37,\r\n\t\t\t\t.tdi_37:before{\r\n\t\t\t\t\tborder-radius: 55px;\r\n\t\t\t\t}\n<\/style><div class=\"tds-button td-fix-index\"><a \r\n                href=\"https:\/\/t.me\/+N5ORbwtU_QM3ZmYy\" \r\n                 title=\"Mit einem Klick beitreten\"\r\n                class=\"tds-button1 tdm-btn tdm-btn-xlg tdi_37 \"  target=\"_blank\" ><span class=\"tdm-btn-text\">Mit einem Klick beitreten<\/span><i class=\"tdm-btn-icon tdc-font-fa tdc-font-fa-telegram\"><\/i><\/a><\/div><\/div><div class=\"tdm_block td_block_wrap tdm_block_column_title tdi_38 tdm-content-horiz-center td-pb-border-top td_block_template_1\"  data-td-block-uid=\"tdi_38\" >\n<style>\n\n\/* inline tdc_css att - generated by TagDiv Composer *\/\n\n.tdi_38{\nmargin-top:30px !important;\n}\n\n<\/style><div class=\"td-block-row\"><div class=\"td-block-span12 tdm-col\">\n<style>\n\/* custom css - generated by TagDiv Composer *\/\nbody .tdi_39 .tdm-title{\r\n\t\t\t\t\tcolor: #39a6ce;\r\n\t\t\t\t}.tdi_39 .tdm-title{\r\n\t\t\t\t\tfont-family:Montserrat !important;font-weight:700 !important;text-transform:uppercase !important;\r\n\t\t\t\t}\n\n\/* phone *\/\n@media (max-width: 767px){\n.tdi_39 .tdm-title{\r\n\t\t\t\t\tfont-size:25px !important;\r\n\t\t\t\t}\n}\n<\/style><div class=\"tds-title tds-title1 td-fix-index tdi_39 \"><h3 class=\"tdm-title tdm-title-md\">- S\u00e4ubere den K\u00f6rper, reinige das Herz und heilige den Geist -<\/h3><\/div><\/div><\/div><\/div><\/div><\/div><\/div><\/div><div id=\"tdi_40\" class=\"tdc-row stretch_row_content td-stretch-content\"><div class=\"vc_row tdi_41  wpb_row td-pb-row\" >\n<style scoped>\n\/* custom css - generated by TagDiv Composer *\/\n\n\/* custom css - generated by TagDiv Composer *\/\n.tdi_41,\r\n                .tdi_41 .tdc-columns{\r\n                    min-height: 0;\r\n                }.tdi_41,\r\n\t\t\t\t.tdi_41 .tdc-columns{\r\n\t\t\t\t    display: block;\r\n\t\t\t\t}.tdi_41 .tdc-columns{\r\n\t\t\t\t    width: 100%;\r\n\t\t\t\t}.tdi_41:before,\r\n\t\t\t\t.tdi_41:after{\r\n\t\t\t\t    display: table;\r\n\t\t\t\t}\n<\/style><div class=\"vc_column tdi_43  wpb_column vc_column_container tdc-column td-pb-span12\">\n<style scoped>\n\/* custom css - generated by TagDiv Composer *\/\n\n\/* custom css - generated by TagDiv Composer *\/\n.tdi_43{\r\n                    vertical-align: baseline;\r\n                }.tdi_43 > .wpb_wrapper,\r\n\t\t\t\t.tdi_43 > .wpb_wrapper > .tdc-elements{\r\n\t\t\t\t    display: block;\r\n\t\t\t\t}.tdi_43 > .wpb_wrapper > .tdc-elements{\r\n\t\t\t\t    width: 100%;\r\n\t\t\t\t}.tdi_43 > .wpb_wrapper > .vc_row_inner{\r\n\t\t\t\t    width: auto;\r\n\t\t\t\t}.tdi_43 > .wpb_wrapper{\r\n\t\t\t\t    width: auto;\r\n\t\t\t\t    height: auto;\r\n\t\t\t\t}\n<\/style><div class=\"wpb_wrapper\" ><\/div><\/div><\/div><\/div><\/div><\/div>","protected":false},"excerpt":{"rendered":"","protected":false},"author":1,"featured_media":5086,"parent":0,"menu_order":0,"comment_status":"closed","ping_status":"closed","template":"","meta":{"footnotes":""},"class_list":["post-5239","page","type-page","status-publish","has-post-thumbnail"],"_links":{"self":[{"href":"https:\/\/beyonduality.com\/de\/wp-json\/wp\/v2\/pages\/5239","targetHints":{"allow":["GET"]}}],"collection":[{"href":"https:\/\/beyonduality.com\/de\/wp-json\/wp\/v2\/pages"}],"about":[{"href":"https:\/\/beyonduality.com\/de\/wp-json\/wp\/v2\/types\/page"}],"author":[{"embeddable":true,"href":"https:\/\/beyonduality.com\/de\/wp-json\/wp\/v2\/users\/1"}],"replies":[{"embeddable":true,"href":"https:\/\/beyonduality.com\/de\/wp-json\/wp\/v2\/comments?post=5239"}],"version-history":[{"count":0,"href":"https:\/\/beyonduality.com\/de\/wp-json\/wp\/v2\/pages\/5239\/revisions"}],"wp:featuredmedia":[{"embeddable":true,"href":"https:\/\/beyonduality.com\/de\/wp-json\/wp\/v2\/media\/5086"}],"wp:attachment":[{"href":"https:\/\/beyonduality.com\/de\/wp-json\/wp\/v2\/media?parent=5239"}],"curies":[{"name":"wp","href":"https:\/\/api.w.org\/{rel}","templated":true}]}}